{"id":14,"date":"2025-05-29T07:02:56","date_gmt":"2025-05-29T07:02:56","guid":{"rendered":"https:\/\/charming-sinoussi.212-227-87-145.plesk.page\/?page_id=14"},"modified":"2025-06-09T12:19:17","modified_gmt":"2025-06-09T12:19:17","slug":"formacion-y-actividades","status":"publish","type":"page","link":"https:\/\/charming-sinoussi.212-227-87-145.plesk.page\/index.php\/formacion-y-actividades\/","title":{"rendered":"Formaci\u00f3n y Actividades"},"content":{"rendered":"\t\t<div data-elementor-type=\"wp-page\" data-elementor-id=\"14\" class=\"elementor elementor-14\">\n\t\t\t\t<div class=\"elementor-element elementor-element-2e4e6e3 e-flex e-con-boxed e-con e-parent\" data-id=\"2e4e6e3\" data-element_type=\"container\" data-e-type=\"container\">\n\t\t\t\t\t<div class=\"e-con-inner\">\n\t\t\t\t<div class=\"elementor-element elementor-element-80d795f elementor-widget elementor-widget-heading\" data-id=\"80d795f\" data-element_type=\"widget\" data-e-type=\"widget\" data-widget_type=\"heading.default\">\n\t\t\t\t<div class=\"elementor-widget-container\">\n\t\t\t\t\t<h2 class=\"elementor-heading-title elementor-size-default\">XXI ENCUENTRO REGIONAL DE AMPA<\/h2>\t\t\t\t<\/div>\n\t\t\t\t<\/div>\n\t\t\t\t\t<\/div>\n\t\t\t\t<\/div>\n\t\t<div class=\"elementor-element elementor-element-905000c e-flex e-con-boxed e-con e-parent\" data-id=\"905000c\" data-element_type=\"container\" data-e-type=\"container\">\n\t\t\t\t\t<div class=\"e-con-inner\">\n\t\t\t\t<div class=\"elementor-element elementor-element-2e61fdc elementor-widget elementor-widget-text-editor\" data-id=\"2e61fdc\" data-element_type=\"widget\" data-e-type=\"widget\" data-widget_type=\"text-editor.default\">\n\t\t\t\t<div class=\"elementor-widget-container\">\n\t\t\t\t\t\t\t\t\t<p>Los d\u00edas 5 y 6 de abril de 2025, en Garrovillas de Alcon\u00e9tar,\u00a0 celebraremos el\u00a0<strong>XXI ENCUENTRO REGIONAL DE AMPA<\/strong>\u00a0con la tem\u00e1tica\u00a0<strong>\u00abNECESIDADES ESPEC\u00cdFICAS DE APOYO EDUCATIVO. ATENCI\u00d3N A LA DIVERSIDAD\u00bb<\/strong>.<\/p><p>Desde FREAMPA-CP animamos a participar a todas las AMPA Federadas, \u00a1OS ESPERAMOS!<\/p>\t\t\t\t\t\t\t\t<\/div>\n\t\t\t\t<\/div>\n\t\t\t\t\t<\/div>\n\t\t\t\t<\/div>\n\t\t<div class=\"elementor-element elementor-element-8556dcf e-flex e-con-boxed e-con e-parent\" data-id=\"8556dcf\" data-element_type=\"container\" data-e-type=\"container\">\n\t\t\t\t\t<div class=\"e-con-inner\">\n\t\t\t\t<div class=\"elementor-element elementor-element-7bf1308 elementor-widget elementor-widget-spacer\" data-id=\"7bf1308\" data-element_type=\"widget\" data-e-type=\"widget\" data-widget_type=\"spacer.default\">\n\t\t\t\t<div class=\"elementor-widget-container\">\n\t\t\t\t\t\t\t<div class=\"elementor-spacer\">\n\t\t\t<div class=\"elementor-spacer-inner\"><\/div>\n\t\t<\/div>\n\t\t\t\t\t\t<\/div>\n\t\t\t\t<\/div>\n\t\t\t\t\t<\/div>\n\t\t\t\t<\/div>\n\t\t<div class=\"elementor-element elementor-element-f18ee66 e-flex e-con-boxed e-con e-parent\" data-id=\"f18ee66\" data-element_type=\"container\" data-e-type=\"container\">\n\t\t\t\t\t<div class=\"e-con-inner\">\n\t\t<div class=\"elementor-element elementor-element-8a708e0 e-con-full e-flex e-con e-child\" data-id=\"8a708e0\" data-element_type=\"container\" data-e-type=\"container\">\n\t\t\t\t<div class=\"elementor-element elementor-element-937019e elementor-widget elementor-widget-heading\" data-id=\"937019e\" data-element_type=\"widget\" data-e-type=\"widget\" data-widget_type=\"heading.default\">\n\t\t\t\t<div class=\"elementor-widget-container\">\n\t\t\t\t\t<h2 class=\"elementor-heading-title elementor-size-default\">JORNADA DE FORMACI\u00d3N Y ASAMBLEA GENERAL<\/h2>\t\t\t\t<\/div>\n\t\t\t\t<\/div>\n\t\t\t\t<\/div>\n\t\t\t\t\t<\/div>\n\t\t\t\t<\/div>\n\t\t<div class=\"elementor-element elementor-element-a3bd70c e-flex e-con-boxed e-con e-parent\" data-id=\"a3bd70c\" data-element_type=\"container\" data-e-type=\"container\">\n\t\t\t\t\t<div class=\"e-con-inner\">\n\t\t<div class=\"elementor-element elementor-element-ac3aac2 e-con-full e-flex e-con e-child\" data-id=\"ac3aac2\" data-element_type=\"container\" data-e-type=\"container\">\n\t\t\t\t<div class=\"elementor-element elementor-element-3c04fee elementor-widget elementor-widget-text-editor\" data-id=\"3c04fee\" data-element_type=\"widget\" data-e-type=\"widget\" data-widget_type=\"text-editor.default\">\n\t\t\t\t<div class=\"elementor-widget-container\">\n\t\t\t\t\t\t\t\t\t<p>Los d\u00edas 26 y 27 de octubre de 2024, en M\u00e9rida, celebraremos la entrega de premios del\u00a0<strong>XVII concurso \u00abLA TOLERANCIA TAMBI\u00c9N ES TU TRABAJO\u00bb<\/strong>, la jornada de formaci\u00f3n de<strong>\u00a0AMPAS \u00abC\u00d3MO MEJORAR LA COMUNICACI\u00d3N CON NUESTROS HIJOS E HIJAS\u00ab<\/strong>\u00a0y la\u00a0<strong>XLIII Asamblea General Ordinaria\/Extraordinaria de FREAMPA-CP<\/strong>.<\/p><p>Os adjuntamos la ficha de inscripci\u00f3n, el programa de actividades y la convocatoria de la Asamblea General en la que se recoge informaci\u00f3n general de todo lo que vamos a hacer y tratar durante los dos d\u00edas.<\/p><p>Desde FREAMPA-CP animamos a participar a todas las AMPA Federadas, \u00a1OS ESPERAMOS!<\/p>\t\t\t\t\t\t\t\t<\/div>\n\t\t\t\t<\/div>\n\t\t\t\t<\/div>\n\t\t\t\t\t<\/div>\n\t\t\t\t<\/div>\n\t\t<div class=\"elementor-element elementor-element-ce05a82 e-flex e-con-boxed e-con e-parent\" data-id=\"ce05a82\" data-element_type=\"container\" data-e-type=\"container\">\n\t\t\t\t\t<div class=\"e-con-inner\">\n\t\t\t\t<div class=\"elementor-element elementor-element-3ab2f1b elementor-widget elementor-widget-spacer\" data-id=\"3ab2f1b\" data-element_type=\"widget\" data-e-type=\"widget\" data-widget_type=\"spacer.default\">\n\t\t\t\t<div class=\"elementor-widget-container\">\n\t\t\t\t\t\t\t<div class=\"elementor-spacer\">\n\t\t\t<div class=\"elementor-spacer-inner\"><\/div>\n\t\t<\/div>\n\t\t\t\t\t\t<\/div>\n\t\t\t\t<\/div>\n\t\t\t\t\t<\/div>\n\t\t\t\t<\/div>\n\t\t<div class=\"elementor-element elementor-element-c054f91 e-flex e-con-boxed e-con e-parent\" data-id=\"c054f91\" data-element_type=\"container\" data-e-type=\"container\">\n\t\t\t\t\t<div class=\"e-con-inner\">\n\t\t\t\t<div class=\"elementor-element elementor-element-d8d38c6 elementor-widget elementor-widget-heading\" data-id=\"d8d38c6\" data-element_type=\"widget\" data-e-type=\"widget\" data-widget_type=\"heading.default\">\n\t\t\t\t<div class=\"elementor-widget-container\">\n\t\t\t\t\t<h2 class=\"elementor-heading-title elementor-size-default\">XX ENCUENTRO GENERAL DEL AMPA<\/h2>\t\t\t\t<\/div>\n\t\t\t\t<\/div>\n\t\t\t\t\t<\/div>\n\t\t\t\t<\/div>\n\t\t<div class=\"elementor-element elementor-element-8d9754b e-flex e-con-boxed e-con e-parent\" data-id=\"8d9754b\" data-element_type=\"container\" data-e-type=\"container\">\n\t\t\t\t\t<div class=\"e-con-inner\">\n\t\t<div class=\"elementor-element elementor-element-2401659 e-con-full e-flex e-con e-child\" data-id=\"2401659\" data-element_type=\"container\" data-e-type=\"container\">\n\t\t\t\t<div class=\"elementor-element elementor-element-0c2d7cb elementor-widget elementor-widget-text-editor\" data-id=\"0c2d7cb\" data-element_type=\"widget\" data-e-type=\"widget\" data-widget_type=\"text-editor.default\">\n\t\t\t\t<div class=\"elementor-widget-container\">\n\t\t\t\t\t\t\t\t\t<p>Los d\u00edas 20 y 21 de abril de 2024, en Villafranca de los Barros,\u00a0 celebraremos el\u00a0<strong>XX ENCUENTRO REGIONAL DE AMPA<\/strong>\u00a0con la tem\u00e1tica\u00a0<strong>\u00abCIBERFAMILIAS. FORMANDO EN NUEVAS TECNOLOG\u00cdAS\u00bb<\/strong>.<\/p><p>Os adjuntamos\u00a0 el programa de actividades y las fichas de inscripci\u00f3n.<\/p><p>Desde FREAMPA-CP animamos a participar a todas las AMPA Federadas, \u00a1OS ESPERAMOS!<\/p><p>La presentaci\u00f3n de inscripciones deb\u00e9is hacerla enviado un correo a\u00a0freapa@freapa.com.<\/p><p>El plazo de inscripci\u00f3n est\u00e1 abierto hasta el d\u00eda 14 de abril de 2024.<\/p><p style=\"padding-bottom: 27px; border-width: 0px; border-style: initial; font-style: normal; font-variant-ligatures: normal; font-variant-caps: normal; font-weight: 400; font-size: 18px; font-family: 'Open Sans'; vertical-align: baseline; -webkit-font-smoothing: antialiased; color: #676767; background-color: #ffffff;\">\u00a0<\/p>\t\t\t\t\t\t\t\t<\/div>\n\t\t\t\t<\/div>\n\t\t\t\t<\/div>\n\t\t\t\t\t<\/div>\n\t\t\t\t<\/div>\n\t\t\t\t<\/div>\n\t\t","protected":false},"excerpt":{"rendered":"<p>XXI ENCUENTRO REGIONAL DE AMPA Los d\u00edas 5 y 6 de abril de 2025, en Garrovillas de Alcon\u00e9tar,\u00a0 celebraremos el\u00a0XXI ENCUENTRO REGIONAL DE AMPA\u00a0con la tem\u00e1tica\u00a0\u00abNECESIDADES ESPEC\u00cdFICAS DE APOYO EDUCATIVO. ATENCI\u00d3N A LA DIVERSIDAD\u00bb. Desde FREAMPA-CP animamos a participar a todas las AMPA Federadas, \u00a1OS ESPERAMOS! JORNADA DE FORMACI\u00d3N Y ASAMBLEA GENERAL Los d\u00edas 26 [&hellip;]<\/p>\n","protected":false},"author":1,"featured_media":0,"parent":0,"menu_order":4,"comment_status":"closed","ping_status":"closed","template":"","meta":{"footnotes":""},"class_list":["post-14","page","type-page","status-publish","hentry"],"blocksy_meta":[],"_links":{"self":[{"href":"https:\/\/charming-sinoussi.212-227-87-145.plesk.page\/index.php\/wp-json\/wp\/v2\/pages\/14","targetHints":{"allow":["GET"]}}],"collection":[{"href":"https:\/\/charming-sinoussi.212-227-87-145.plesk.page\/index.php\/wp-json\/wp\/v2\/pages"}],"about":[{"href":"https:\/\/charming-sinoussi.212-227-87-145.plesk.page\/index.php\/wp-json\/wp\/v2\/types\/page"}],"author":[{"embeddable":true,"href":"https:\/\/charming-sinoussi.212-227-87-145.plesk.page\/index.php\/wp-json\/wp\/v2\/users\/1"}],"replies":[{"embeddable":true,"href":"https:\/\/charming-sinoussi.212-227-87-145.plesk.page\/index.php\/wp-json\/wp\/v2\/comments?post=14"}],"version-history":[{"count":4,"href":"https:\/\/charming-sinoussi.212-227-87-145.plesk.page\/index.php\/wp-json\/wp\/v2\/pages\/14\/revisions"}],"predecessor-version":[{"id":155,"href":"https:\/\/charming-sinoussi.212-227-87-145.plesk.page\/index.php\/wp-json\/wp\/v2\/pages\/14\/revisions\/155"}],"wp:attachment":[{"href":"https:\/\/charming-sinoussi.212-227-87-145.plesk.page\/index.php\/wp-json\/wp\/v2\/media?parent=14"}],"curies":[{"name":"wp","href":"https:\/\/api.w.org\/{rel}","templated":true}]}}